{"id":2856,"date":"2017-06-15T09:20:20","date_gmt":"2017-06-15T07:20:20","guid":{"rendered":"https:\/\/dentalstudiodro.rs\/o-nama\/"},"modified":"2023-04-19T10:11:21","modified_gmt":"2023-04-19T08:11:21","slug":"ueber-uns","status":"publish","type":"page","link":"https:\/\/dentalstudiodro.rs\/de\/ueber-uns\/","title":{"rendered":"\u00dcber uns"},"content":{"rendered":"<div class=\"wpb-content-wrapper\"><p>[vc_row full_width=&#8220;stretch_row_content&#8220; css=&#8220;.vc_custom_1514208171601{padding-top: 150px !important;padding-bottom: 120px !important;background-image: url(https:\/\/dentalstudiodro.rs\/wp-content\/uploads\/2017\/12\/dr11-1.jpg?id=2822) !important;background-position: center !important;background-repeat: no-repeat !important;background-size: cover !important;}&#8220;][vc_column width=&#8220;1\/6&#8243; css=&#8220;.vc_custom_1499753682936{padding-top: 0px !important;}&#8220; offset=&#8220;vc_col-lg-4 vc_col-md-3 vc_col-xs-1&#8243;][\/vc_column][vc_column css_animation=&#8220;none&#8220; width=&#8220;2\/3&#8243; css=&#8220;.vc_custom_1507368483817{padding-top: 50px !important;padding-right: 50px !important;padding-bottom: 30px !important;padding-left: 50px !important;background-color: #ffffff !important;}&#8220; offset=&#8220;vc_col-lg-4 vc_col-md-6 vc_col-xs-10&#8243;][vc_column_text css=&#8220;.vc_custom_1512571170874{margin-bottom: 10px !important;}&#8220;]<\/p>\n<p style=\"text-align: center;\"><em>Dental Studio Dr O<\/em><\/p>\n<p>[\/vc_column_text]\t\t<div class=\"vc_custom_1741221735 ironthm-css-block\" data-css=\".vc_custom_1741221735  \">\n\t\t\t\t\t\t\t<div class=\"ironthm-heading-sec-wrap text-center mrgn-btm-sm\">\n\t\t\t\t\t<div class=\"ironthm-title-wrap ironthm-border ironthm-random4018\">\n\t\t\t\t\t\t<h3>Ihr L\u00e4cheln ist unser Erfolg!<\/h3>\n\t\t\t\t\t<\/div>\n\t\t\t\t<\/div>\n\t\t\t      <\/div>\n\t[vc_column_text css=&#8220;.vc_custom_1515774856256{margin-bottom: 0px !important;}&#8220;]<\/p>\n<p class=\"mrgn-btm-sm\" style=\"text-align: center;\">Unsere professionellen Zahn\u00e4rzte werden sich darum k\u00fcmmern, dass Sie ein einwandfreies L\u00e4cheln und gesunde Z\u00e4hne bekommen. Jedes Mitglied unseres Teams bem\u00fcht sich, Sie ausgezeichnet zu versorgen und Ihnen gleichzeitig eine angenehme Erfahrung zu erm\u00f6glichen.<\/p>\n<p style=\"text-align: center;\"><a class=\"about-us\" href=\"#our-mission\">Mehr \u00fcber uns <\/a><\/p>\n<p>[\/vc_column_text][\/vc_column][vc_column width=&#8220;1\/6&#8243; css=&#8220;.vc_custom_1499753693623{padding-top: 0px !important;}&#8220; offset=&#8220;vc_col-lg-4 vc_col-md-3 vc_col-xs-1&#8243;][\/vc_column][\/vc_row][vc_row full_width=&#8220;stretch_row&#8220; css=&#8220;.vc_custom_1507368456337{padding-top: 80px !important;padding-bottom: 80px !important;background-color: #f5f7fa !important;}&#8220; el_id=&#8220;our-mission&#8220;][vc_column css_animation=&#8220;none&#8220; css=&#8220;.vc_custom_1507368476729{padding-top: 0px !important;}&#8220; offset=&#8220;vc_col-lg-6 vc_col-md-6 vc_col-xs-12&#8243; el_class=&#8220;device-mrgn-btm-xs&#8220;][vc_tta_tabs color=&#8220;white&#8220; active_section=&#8220;1&#8243; el_class=&#8220;about-us-tab&#8220;][vc_tta_section title=&#8220;Unsere Mission&#8220; tab_id=&#8220;1498449957426-d4c70ba6-afb3&#8243;][vc_column_text]Dental Studio DR O strebt danach, die Erwartungen seiner Patienten zu erf\u00fcllen und zu \u00fcbertreffen. \u00a0Wir sind der Einsicht, dass die vorsorgliche Pflege ebenso wichtig ist wie auch der Eingriff selbst und die postoperative Zahpflege.<\/p>\n<p>Wir bieten sachkundige Antworten und beraten Sie bei jedem Dilemma, das Sie haben und passen Ihre W\u00fcnsche und M\u00f6glichkeiten der f\u00fcr Sie besten Behandlung an.[\/vc_column_text][\/vc_tta_section][vc_tta_section title=&#8220;Unsere Vision&#8220; tab_id=&#8220;1498449957568-b226e2fc-8c54&#8243;][vc_column_text]Unsere Vision ist, mit unseren Patienten nachhaltige Beziehungen zu entwickeln und hervorragende Leistung durch personalisierte, ehrliche, ethische und fachliche F\u00fcrsorge zu sichern.<\/p>\n<p>Wir m\u00f6chten unserer Gemeinschaft durch hochwertige, multidisziplin\u00e4re und kosteneffiziente Zahnarztleistungen und \u2013verfahren einwandfreien Schutz der oralen Gesundheit bieten.[\/vc_column_text][\/vc_tta_section][\/vc_tta_tabs][\/vc_column][vc_column css_animation=&#8220;none&#8220; css=&#8220;.vc_custom_1507368467745{padding-top: 0px !important;}&#8220; offset=&#8220;vc_col-lg-6 vc_col-md-6 vc_col-xs-12&#8243;][vc_single_image image=&#8220;2818&#8243; img_size=&#8220;full&#8220; css_animation=&#8220;zoomIn&#8220; css=&#8220;.vc_custom_1514206307396{margin-bottom: 0px !important;}&#8220; el_class=&#8220;ironthm-box-shadow&#8220;][\/vc_column][\/vc_row][vc_row full_width=&#8220;stretch_row&#8220; disable_element=&#8220;yes&#8220; css=&#8220;.vc_custom_1513765460241{padding-right: 0px !important;padding-left: 0px !important;background-image: url(http:\/\/smilecare.theironnetwork.org\/wp-content\/uploads\/2017\/06\/post-list2-1.jpg?id=1458) !important;background-position: center !important;background-repeat: no-repeat !important;background-size: cover !important;}&#8220;][vc_column parallax=&#8220;content-moving&#8220; parallax_image=&#8220;1803&#8243; css=&#8220;.vc_custom_1506515254720{padding-top: 60px !important;padding-bottom: 140px !important;background-color: rgba(38,173,228,0.6) !important;*background-color: rgb(38,173,228) !important;}&#8220; el_class=&#8220;ironthm-light-txt&#8220;][vc_column_text css=&#8220;.vc_custom_1498727773064{margin-bottom: 10px !important;}&#8220;]<\/p>\n<p style=\"text-align: center;\"><em>We Are Keep Growing<\/em><\/p>\n<p>[\/vc_column_text]\t\t<div class=\" vc_custom_1500612591720 ironthm-css-block\" data-css=\".vc_custom_1500612591720 .ironthm-heading-sec-wrap .ironthm-border::after { background:  #ffffff } \">\n\t\t\t\t\t\t\t<div class=\"ironthm-heading-sec-wrap text-center mrgn-btm-sm\">\n\t\t\t\t\t<div class=\"ironthm-title-wrap ironthm-border ironthm-random5214\">\n\t\t\t\t\t\t<h3>Our History<\/h3>\n\t\t\t\t\t<\/div>\n\t\t\t\t<\/div>\n\t\t\t      <\/div>\n\t[vc_row_inner][vc_column_inner css=&#8220;.vc_custom_1500611076685{padding-top: 0px !important;}&#8220;]\t\t<div class=\"vc_custom_1195422968 ironthm-css-block\" data-css=\".vc_custom_1195422968 .ironthm-date.ironthm-random4730 h3 { color: #ffffff } .ironthm-timeline-content.ironthm-random4730 h5, .ironthm-timeline-content.ironthm-random4730 p { color: #000000 } \">\n\t\t\t<div class=\"ironthm-timeline-wrap\">\n\t\t\t\t<div class=\"row\">\n\t\t\t\t\t<div class=\"col-xs-11 col-sm-9 col-md-6 col-lg-6 center-block\">\n\t\t\t\t\t\t<div class=\"ironthm-timeline-slider\" data-nav=\"true\" data-speed=\"2500\">\n\t\t\t\t\t\t\t\t\t\t\t\t\t\t\t\t\t\t\t\t\t\t\t\t<div class=\"ironthm-timeline-sec text-center\">\n\t\t\t\t\t\t\t\t\t\t\t\t\t\t\t\t\t\t\t\t\t<div class=\"ironthm-date sec mrgn-btm-md ironthm-random4730\">\n\t\t\t\t\t\t\t\t\t\t\t\t<h3>JAN 2016<\/h3>\n\t\t\t\t\t\t\t\t\t\t\t<\/div>\n\t\t\t\t\t\t\t\t\t\t\t\t\t\t\t\t\t\t\t\t\t\t\t\t\t\t\t\t\t\t\t<div class=\"ironthm-timeline-content ironthm-random4730\">\n\t\t\t\t\t\t\t\t\t\t\t\t\t\t\t\t\t\t\t\t\t\t\t\t\t<div class=\"ironthm-sec-title mrgn-btm-sm\">\n\t\t\t\t\t\t\t\t\t\t\t\t\t\t<h5>Reached with 4 Team of Expert<\/h5>\n\t\t\t\t\t\t\t\t\t\t\t\t\t<\/div>\n\t\t\t\t\t\t\t\t\t\t\t\t\t\t\t\t\t\t\t\t\t\t\t\t\t\t\t\t\t\t\t\t\t\t\t\t\t<div class=\"ironthm-sec-content\">\n\t\t\t\t\t\t\t\t\t\t\t\t\t\t<p>Lorem ipsum dolor sit amet, consectetur adipiscing elit. Etiam massa ligula, aliquet euismod eleifend vitae, interdum ut mi. Praesent fringilla pharetra sapien sit amet semper. Nunc id massa ut mi tempus mattis ac eu lectus. Praesent egestas eleifend porta. Sed posuere venenatis libero quis tempor. Nulla metus mi, malesuada eu risus nec, placerat imperdiet ex. Nam sit amet arcu id risus varius mattis vel sit amet lectus. Sed sit amet tempus purus. Morbi molestie ex quis vehicula sodales.<\/p>\n\t\t\t\t\t\t\t\t\t\t\t\t\t<\/div>\n\t\t\t\t\t\t\t\t\t\t\t\t\t\t\t\t\t\t\t\t\t\t\t<\/div>\n\t\t\t\t\t\t\t\t\t\t\t\t\t\t\t\t\t\t\t<\/div>\n\t\t\t\t\t\t\t\t\t\t\t\t\t\t\t\t\t\t\t\t\t\t\t\t\t\t\t\t\t\t\t\t<div class=\"ironthm-timeline-sec text-center\">\n\t\t\t\t\t\t\t\t\t\t\t\t\t\t\t\t\t\t\t\t\t<div class=\"ironthm-date sec mrgn-btm-md ironthm-random4730\">\n\t\t\t\t\t\t\t\t\t\t\t\t<h3>DEC 2016<\/h3>\n\t\t\t\t\t\t\t\t\t\t\t<\/div>\n\t\t\t\t\t\t\t\t\t\t\t\t\t\t\t\t\t\t\t\t\t\t\t\t\t\t\t\t\t\t\t<div class=\"ironthm-timeline-content ironthm-random4730\">\n\t\t\t\t\t\t\t\t\t\t\t\t\t\t\t\t\t\t\t\t\t\t\t\t\t<div class=\"ironthm-sec-title mrgn-btm-sm\">\n\t\t\t\t\t\t\t\t\t\t\t\t\t\t<h5>Lorem ipsum dolor sit amet<\/h5>\n\t\t\t\t\t\t\t\t\t\t\t\t\t<\/div>\n\t\t\t\t\t\t\t\t\t\t\t\t\t\t\t\t\t\t\t\t\t\t\t\t\t\t\t\t\t\t\t\t\t\t\t\t\t<div class=\"ironthm-sec-content\">\n\t\t\t\t\t\t\t\t\t\t\t\t\t\t<p>Lorem ipsum dolor sit amet, consectetur adipiscing elit. Etiam massa ligula, aliquet euismod eleifend vitae, interdum ut mi. Praesent fringilla pharetra sapien sit amet semper. Nunc id massa ut mi tempus mattis ac eu lectus. Praesent egestas eleifend porta. Sed posuere venenatis libero quis tempor. Nulla metus mi, malesuada eu risus nec, placerat imperdiet ex. Nam sit amet arcu id risus varius mattis vel sit amet lectus. Sed sit amet tempus purus. Morbi molestie ex quis vehicula sodales.<\/p>\n\t\t\t\t\t\t\t\t\t\t\t\t\t<\/div>\n\t\t\t\t\t\t\t\t\t\t\t\t\t\t\t\t\t\t\t\t\t\t\t<\/div>\n\t\t\t\t\t\t\t\t\t\t\t\t\t\t\t\t\t\t\t<\/div>\n\t\t\t\t\t\t\t\t\t\t\t\t\t\t\t\t\t\t\t\t\t\t\t\t\t\t\t\t\t\t\t\t<div class=\"ironthm-timeline-sec text-center\">\n\t\t\t\t\t\t\t\t\t\t\t\t\t\t\t\t\t\t\t\t\t<div class=\"ironthm-date sec mrgn-btm-md ironthm-random4730\">\n\t\t\t\t\t\t\t\t\t\t\t\t<h3>MAR 2015<\/h3>\n\t\t\t\t\t\t\t\t\t\t\t<\/div>\n\t\t\t\t\t\t\t\t\t\t\t\t\t\t\t\t\t\t\t\t\t\t\t\t\t\t\t\t\t\t\t<div class=\"ironthm-timeline-content ironthm-random4730\">\n\t\t\t\t\t\t\t\t\t\t\t\t\t\t\t\t\t\t\t\t\t\t\t\t\t<div class=\"ironthm-sec-title mrgn-btm-sm\">\n\t\t\t\t\t\t\t\t\t\t\t\t\t\t<h5>Sed sit amet tempus purus<\/h5>\n\t\t\t\t\t\t\t\t\t\t\t\t\t<\/div>\n\t\t\t\t\t\t\t\t\t\t\t\t\t\t\t\t\t\t\t\t\t\t\t\t\t\t\t\t\t\t\t\t\t\t\t\t\t<div class=\"ironthm-sec-content\">\n\t\t\t\t\t\t\t\t\t\t\t\t\t\t<p>Lorem ipsum dolor sit amet, consectetur adipiscing elit. Etiam massa ligula, aliquet euismod eleifend vitae, interdum ut mi. Praesent fringilla pharetra sapien sit amet semper. Nunc id massa ut mi tempus mattis ac eu lectus. Praesent egestas eleifend porta. Sed posuere venenatis libero quis tempor. Nulla metus mi, malesuada eu risus nec, placerat imperdiet ex. Nam sit amet arcu id risus varius mattis vel sit amet lectus. Sed sit amet tempus purus. Morbi molestie ex quis vehicula sodales.<\/p>\n\t\t\t\t\t\t\t\t\t\t\t\t\t<\/div>\n\t\t\t\t\t\t\t\t\t\t\t\t\t\t\t\t\t\t\t\t\t\t\t<\/div>\n\t\t\t\t\t\t\t\t\t\t\t\t\t\t\t\t\t\t\t<\/div>\n\t\t\t\t\t\t\t\t\t\t\t\t\t\t\t\t\t\t\t\t\t\t\t\t\t\t\t\t\t\t\t\t\t\t\t\t<\/div>\n\t\t\t\t\t<\/div>\n\t\t\t\t<\/div>\t\n      \t<\/div>\n      <\/div>\n\t[\/vc_column_inner][\/vc_row_inner][\/vc_column][\/vc_row][vc_row full_width=&#8220;stretch_row_content&#8220; equal_height=&#8220;yes&#8220; css=&#8220;.vc_custom_1513764958670{background-color: #ffffff !important;}&#8220;][vc_column css_animation=&#8220;none&#8220; css=&#8220;.vc_custom_1514206498979{background-image: url(https:\/\/dentalstudiodro.rs\/wp-content\/uploads\/2017\/12\/dr10.jpg?id=2819) !important;background-position: center !important;background-repeat: no-repeat !important;background-size: cover !important;}&#8220; offset=&#8220;vc_col-lg-6 vc_col-md-6 vc_hidden-sm vc_hidden-xs&#8220;][\/vc_column][vc_column css_animation=&#8220;none&#8220; el_class=&#8220;vc-pad-sm&#8220; css=&#8220;.vc_custom_1502281385973{padding-top: 0px !important;}&#8220; offset=&#8220;vc_col-lg-6 vc_col-md-6 vc_col-xs-12&#8243;][vc_column_text css_animation=&#8220;none&#8220; el_class=&#8220;mrgn-btm-lg&#8220; css=&#8220;.vc_custom_1515773540009{margin-bottom: 10px !important;}&#8220;]<\/p>\n<p style=\"text-align: left;\"><em>Erfahrung, Tradition, Qualit\u00e4t<\/em><\/p>\n<p>[\/vc_column_text]\t\t<div class=\" vc_custom_1515773844532 ironthm-css-block\" data-css=\".vc_custom_1515773844532  \">\n\t\t\t\t\t\t\t<div class=\"ironthm-heading-sec-wrap text-left mrgn-btm-sm\">\n\t\t\t\t\t<div class=\"ironthm-title-wrap ironthm-border ironthm-random8079\">\n\t\t\t\t\t\t<h3>Was hebt uns von anderen ab?<\/h3>\n\t\t\t\t\t<\/div>\n\t\t\t\t<\/div>\n\t\t\t      <\/div>\n\t[vc_row_inner el_class=&#8220;mrgn-btm-sm&#8220;][vc_column_inner el_class=&#8220;device-mrgn-btm-xs&#8220; width=&#8220;1\/6&#8243; css=&#8220;.vc_custom_1506513139331{margin-bottom: 0px !important;}&#8220; offset=&#8220;vc_col-lg-2 vc_col-md-2 vc_col-xs-12&#8243;][vc_single_image image=&#8220;2463&#8243; css_animation=&#8220;none&#8220; css=&#8220;.vc_custom_1507012993267{margin-bottom: 0px !important;}&#8220;][\/vc_column_inner][vc_column_inner width=&#8220;5\/6&#8243; css=&#8220;.vc_custom_1506513146722{margin-bottom: 0px !important;}&#8220; offset=&#8220;vc_col-lg-10 vc_col-md-10 vc_col-xs-12&#8243;][vc_column_text css_animation=&#8220;none&#8220; css=&#8220;.vc_custom_1515773880997{margin-bottom: 0px !important;}&#8220;]<\/p>\n<h5 class=\"mrgn-btm-xs\">Hochwertige Werkstoffe und modernste Techniken<\/h5>\n<p>Unsere Leistungen sowie Untersuchungs- und Heilmethoden sind der schnellen technologischen Entwicklung angepasst. Indem wir Produkte global renomierter Hersteller verwenden, bieten wir schnellere, effizientere und schmerzlosere L\u00f6sungen an. [\/vc_column_text][\/vc_column_inner][\/vc_row_inner][vc_row_inner el_class=&#8220;mrgn-btm-sm&#8220;][vc_column_inner el_class=&#8220;device-mrgn-btm-xs&#8220; width=&#8220;1\/6&#8243; css=&#8220;.vc_custom_1506513152082{margin-bottom: 0px !important;}&#8220; offset=&#8220;vc_col-lg-2 vc_col-md-2 vc_col-xs-12&#8243;][vc_single_image image=&#8220;2465&#8243; css_animation=&#8220;none&#8220; css=&#8220;.vc_custom_1507012998713{margin-bottom: 0px !important;}&#8220;][\/vc_column_inner][vc_column_inner width=&#8220;5\/6&#8243; css=&#8220;.vc_custom_1506513157736{margin-bottom: 0px !important;}&#8220; offset=&#8220;vc_col-lg-10 vc_col-md-10 vc_col-xs-12&#8243;][vc_column_text css_animation=&#8220;none&#8220; css=&#8220;.vc_custom_1515773907485{margin-bottom: 0px !important;}&#8220;]<\/p>\n<h5 class=\"mrgn-btm-xs\">Beste Ratschl\u00e4ge und vollkommen individueller Ansatz<\/h5>\n<p>Wir empfehlen immer die angemessenste Behandlung f\u00fcr jeden Zustand. Wir nehmen auch Ihre W\u00fcnsche und M\u00f6glichkeiten in Betracht. Durch offene Kommunikation kommen wir gemeinsam zur besten L\u00f6sung f\u00fcr den Patienten.[\/vc_column_text][\/vc_column_inner][\/vc_row_inner][vc_row_inner][vc_column_inner width=&#8220;1\/6&#8243; css=&#8220;.vc_custom_1506513163686{margin-bottom: 0px !important;}&#8220; offset=&#8220;vc_col-lg-2 vc_col-md-2 vc_col-xs-12&#8243;][vc_single_image image=&#8220;2464&#8243; css_animation=&#8220;none&#8220;][\/vc_column_inner][vc_column_inner width=&#8220;5\/6&#8243; css=&#8220;.vc_custom_1506513169295{margin-bottom: 0px !important;}&#8220; offset=&#8220;vc_col-lg-10 vc_col-md-10 vc_col-xs-12&#8243;][vc_column_text css_animation=&#8220;none&#8220; css=&#8220;.vc_custom_1515773924757{margin-bottom: 0px !important;}&#8220;]<\/p>\n<h5 class=\"mrgn-btm-xs\">Unser professionelles Team<\/h5>\n<p>Die Zahn\u00e4rzte in unserer Zahnarztpraxis sind Experten aus diversen Bereichen und Fachrichtungen. Sie sind kommunikativ und nett und widmen sich vollkommen jedem Patienten. Sie erg\u00e4nzen sich gegenseitig, um immer rechtzeitig in jeder Situation reagieren zu k\u00f6nnen.[\/vc_column_text][\/vc_column_inner][\/vc_row_inner][\/vc_column][\/vc_row][vc_row full_width=&#8220;stretch_row&#8220; css=&#8220;.vc_custom_1512734520765{padding-top: 50px !important;padding-bottom: 80px !important;background-color: #f5f7fa !important;}&#8220;][vc_column css=&#8220;.vc_custom_1498451421706{padding-top: 0px !important;}&#8220;][vc_column_text css=&#8220;.vc_custom_1515774728943{margin-bottom: 10px !important;}&#8220;]<\/p>\n<p style=\"text-align: center;\"><em>Eindr\u00fccke<\/em><\/p>\n<p>[\/vc_column_text]\t\t<div class=\" vc_custom_1515774737805 ironthm-css-block\" data-css=\".vc_custom_1515774737805  \">\n\t\t\t\t\t\t\t<div class=\"ironthm-heading-sec-wrap text-center mrgn-btm-sm\">\n\t\t\t\t\t<div class=\"ironthm-title-wrap ironthm-border ironthm-random4930\">\n\t\t\t\t\t\t<h3>Unsere zufriedenen Kunden<\/h3>\n\t\t\t\t\t<\/div>\n\t\t\t\t<\/div>\n\t\t\t      <\/div>\n\t\t\t<div class=\"\">\n\t\t\t\t\t\t\t<div class=\"success-story-wrap\">\n\t\t\t\t\t<div class=\"success-story-slider-two\" data-dots=\"\" data-nav=\"\" data-slide_show=\"3\" data-speed=\"2500\">\n\t\t\t\t\t\t\t\t\t\t\t\t\t<div class=\"success-story-item\">\n\t\t\t\t\t\t\t\t<div class=\"success-story-sec text-center\">\n\t\t\t\t\t\t\t\t\t<div class=\"success-img-sec\">\n\t\t\t\t\t\t\t\t\t\t<div class=\"ironthm-feature-thumb\">\n\t\t\t\t\t\t\t\t\t\t\t\t\t\t\t\t\t\t\t\t\t<\/div>\n\t\t\t\t\t\t\t\t\t<\/div>\n\t\t\t\t\t\t\t\t\t<div class=\"ironthm-sec-title mrgn-btm-sm\">\n\t\t\t\t\t\t\t\t\t\t\t\t\t\t\t\t\t\t\t\t\t<h5><a href=\"https:\/\/dentalstudiodro.rs\/de\/ironthm_testimonial\/aleksandar-sibinovic\/\">Aleksandar Sibinovi\u0107<\/a><\/h5>\n\t\t\t\t\t\t\t\t\t\t\n\t\t\t\t\t\t\t\t\t\t\t\t\t\t\t\t\t\t\t<\/div>\n\t\t\t\t\t\t\t\t\t<div class=\"ironthm-sec-content mrgn-btm-xs\"><p>Best Practice in Belgrad 100%<\/p><\/div>\t\t\t\t\t\t\t\t<\/div>\n\t\t\t\t\t\t\t<\/div>\n\t\t\t\t\t\t\t\t\t\t\t\t\t<div class=\"success-story-item\">\n\t\t\t\t\t\t\t\t<div class=\"success-story-sec text-center\">\n\t\t\t\t\t\t\t\t\t<div class=\"success-img-sec\">\n\t\t\t\t\t\t\t\t\t\t<div class=\"ironthm-feature-thumb\">\n\t\t\t\t\t\t\t\t\t\t\t\t\t\t\t\t\t\t\t\t\t<\/div>\n\t\t\t\t\t\t\t\t\t<\/div>\n\t\t\t\t\t\t\t\t\t<div class=\"ironthm-sec-title mrgn-btm-sm\">\n\t\t\t\t\t\t\t\t\t\t\t\t\t\t\t\t\t\t\t\t\t<h5><a href=\"https:\/\/dentalstudiodro.rs\/de\/ironthm_testimonial\/marija-humo\/\">Marija Humo<\/a><\/h5>\n\t\t\t\t\t\t\t\t\t\t\n\t\t\t\t\t\t\t\t\t\t\t\t\t\t\t\t\t\t\t<\/div>\n\t\t\t\t\t\t\t\t\t<div class=\"ironthm-sec-content mrgn-btm-xs\"><p>Tolles Team !! Erfolgreich extrahierte Per\u00fccken, ohne irgendwelche St\u00f6rungen oder Unannehmlichkeiten! Hei\u00dfeste Empfehlung!<\/p><\/div>\t\t\t\t\t\t\t\t<\/div>\n\t\t\t\t\t\t\t<\/div>\n\t\t\t\t\t\t\t\t\t\t\t\t\t<div class=\"success-story-item\">\n\t\t\t\t\t\t\t\t<div class=\"success-story-sec text-center\">\n\t\t\t\t\t\t\t\t\t<div class=\"success-img-sec\">\n\t\t\t\t\t\t\t\t\t\t<div class=\"ironthm-feature-thumb\">\n\t\t\t\t\t\t\t\t\t\t\t\t\t\t\t\t\t\t\t\t\t<\/div>\n\t\t\t\t\t\t\t\t\t<\/div>\n\t\t\t\t\t\t\t\t\t<div class=\"ironthm-sec-title mrgn-btm-sm\">\n\t\t\t\t\t\t\t\t\t\t\t\t\t\t\t\t\t\t\t\t\t<h5><a href=\"https:\/\/dentalstudiodro.rs\/de\/ironthm_testimonial\/miodrag-ratkovic\/\">Miodrag Ratkovi\u0107<\/a><\/h5>\n\t\t\t\t\t\t\t\t\t\t\n\t\t\t\t\t\t\t\t\t\t\t\t\t\t\t\t\t\t\t<\/div>\n\t\t\t\t\t\t\t\t\t<div class=\"ironthm-sec-content mrgn-btm-xs\"><p>Ich empfehle sehr aus eigener Erfahrung! Dr. O, du bist der Beste!<\/p><\/div>\t\t\t\t\t\t\t\t<\/div>\n\t\t\t\t\t\t\t<\/div>\n\t\t\t\t\t\t\t\t\t\t\t<\/div><!-- row -->\n\t\t\t\t<\/div>\n\t\t\t\t\n      <\/div>\n\t[\/vc_column][\/vc_row][vc_row full_width=&#8220;stretch_row&#8220; parallax=&#8220;content-moving&#8220; parallax_image=&#8220;2461&#8243; css=&#8220;.vc_custom_1507013198356{padding-top: 60px !important;padding-bottom: 60px !important;}&#8220;][vc_column css=&#8220;.vc_custom_1498796675769{padding-top: 0px !important;}&#8220; el_class=&#8220;ironthm-light-txt&#8220;]\t\t<div class=\"vc_custom_1023908970 ironthm-css-block\" data-css=\".vc_custom_1023908970 .Appointment-sec a.ironthm-rndm4679  { color: #1ba38d} .Appointment-sec a.ironthm-rndm4679  { background: #ffffff; border: 1px solid #ffffff; } .ironthm-call-to-action .ironthm-button.ironthm-rndm4679:hover  { color: #ffffff; border: 1px solid #ffffff; } .ironthm-call-to-action .ironthm-button.ironthm-rndm4679:hover{ background: #3b3b3b} .Appointment-sec a.ironthm-rndm4679  {  border: 1px solid #ffffff; }\">\n\t\t\t<div class=\"ironthm-call-to-action text-center\">\n\t\t\t\t\t\t\t\t\t<div class=\"ironthm-call-to-action-content mrgn-btm-sm\">\n\t\t\t\t\t\t<h3 class=\"mrgn-btm-xs\" style=\"text-align: center;\">Vereinbaren Sie einen Termin<\/h3>\n<div class=\"ironthm-contact-info mrgn-btm-sm\" style=\"text-align: center;\">\n<div><i class=\"fa fa-envelope-o\" aria-hidden=\"true\"><\/i>Email:<a href=\"mailto:ordinacija@dentalstudiodro.com\">ordinacija@dentalstudiodro.com<\/a><\/div>\n<div><i class=\"fa fa-phone\" aria-hidden=\"true\"><\/i>Kontakt:<a href=\"tel:+381 65 33 41 452\">+381 65 33 41 452<\/a><\/div>\n<\/div>\n\t\t\t\t\t<\/div><!-- ironthm-call-to-action-content -->\n\t\t\t\t\t\t\t\t<div class=\"Appointment-sec\">\n\t\t\t\t\t<a class=\"ironthm-button ironthm-rndm4679\" href=\"\/de\/kontakt\">R\u00fcfen Sie uns an<\/a>\n\t\t\t\t<\/div>\n\t\t\t<\/div>\n\t\t<\/div>\n[\/vc_column][\/vc_row]<\/p>\n<\/div>","protected":false},"excerpt":{"rendered":"<p>[vc_row full_width=&#8220;stretch_row_content&#8220; css=&#8220;.vc_custom_1514208171601{padding-top: 150px !important;padding-bottom: 120px !important;background-image: url(https:\/\/dentalstudiodro.rs\/wp-content\/uploads\/2017\/12\/dr11-1.jpg?id=2822) !important;background-position: center !important;background-repeat: no-repeat !important;background-size: cover !important;}&#8220;][vc_column width=&#8220;1\/6&#8243; css=&#8220;.vc_custom_1499753682936{padding-top: 0px !important;}&#8220; offset=&#8220;vc_col-lg-4 vc_col-md-3 vc_col-xs-1&#8243;][\/vc_column][vc_column css_animation=&#8220;none&#8220; width=&#8220;2\/3&#8243; css=&#8220;.vc_custom_1507368483817{padding-top: 50px !important;padding-right: 50px !important;padding-bottom: 30px !important;padding-left: 50px !important;background-color: #ffffff !important;}&#8220; offset=&#8220;vc_col-lg-4 vc_col-md-6 vc_col-xs-10&#8243;][vc_column_text css=&#8220;.vc_custom_1512571170874{margin-bottom: 10px !important;}&#8220;] Dental Studio Dr O [\/vc_column_text][vc_column_text css=&#8220;.vc_custom_1515774856256{margin-bottom: 0px !important;}&#8220;] Unsere professionellen Zahn\u00e4rzte werden sich darum [&hellip;]<\/p>\n","protected":false},"author":1,"featured_media":0,"parent":0,"menu_order":0,"comment_status":"closed","ping_status":"closed","template":"","meta":{"footnotes":""},"class_list":["post-2856","page","type-page","status-publish","hentry"],"_links":{"self":[{"href":"https:\/\/dentalstudiodro.rs\/de\/wp-json\/wp\/v2\/pages\/2856","targetHints":{"allow":["GET"]}}],"collection":[{"href":"https:\/\/dentalstudiodro.rs\/de\/wp-json\/wp\/v2\/pages"}],"about":[{"href":"https:\/\/dentalstudiodro.rs\/de\/wp-json\/wp\/v2\/types\/page"}],"author":[{"embeddable":true,"href":"https:\/\/dentalstudiodro.rs\/de\/wp-json\/wp\/v2\/users\/1"}],"replies":[{"embeddable":true,"href":"https:\/\/dentalstudiodro.rs\/de\/wp-json\/wp\/v2\/comments?post=2856"}],"version-history":[{"count":5,"href":"https:\/\/dentalstudiodro.rs\/de\/wp-json\/wp\/v2\/pages\/2856\/revisions"}],"predecessor-version":[{"id":3288,"href":"https:\/\/dentalstudiodro.rs\/de\/wp-json\/wp\/v2\/pages\/2856\/revisions\/3288"}],"wp:attachment":[{"href":"https:\/\/dentalstudiodro.rs\/de\/wp-json\/wp\/v2\/media?parent=2856"}],"curies":[{"name":"wp","href":"https:\/\/api.w.org\/{rel}","templated":true}]}}