{"id":2859,"date":"2017-06-24T09:44:56","date_gmt":"2017-06-24T07:44:56","guid":{"rendered":"https:\/\/dentalstudiodro.rs\/nase-usluge\/"},"modified":"2018-01-12T17:28:45","modified_gmt":"2018-01-12T16:28:45","slug":"unsere-dienstleistungen","status":"publish","type":"page","link":"https:\/\/dentalstudiodro.rs\/de\/unsere-dienstleistungen\/","title":{"rendered":"Dienstleistungen"},"content":{"rendered":"<div class=\"wpb-content-wrapper\"><p>[vc_row full_width=&#8220;stretch_row&#8220; css=&#8220;.vc_custom_1506662635792{margin-top: 40px !important;padding-top: 100px !important;padding-bottom: 80px !important;background-image: url(http:\/\/smilecare.theironnetwork.org\/wp-content\/uploads\/2017\/06\/call-to-action-bg1.jpg?id=1369) !important;background-position: center !important;background-repeat: no-repeat !important;background-size: cover !important;}&#8220;][vc_column css=&#8220;.vc_custom_1499681513867{padding-top: 0px !important;}&#8220; el_class=&#8220;ironthm-light-txt&#8220; offset=&#8220;vc_col-lg-6 vc_col-md-6 vc_col-xs-12&#8243;][vc_column_text css=&#8220;.vc_custom_1515774484571{margin-bottom: 15px !important;}&#8220;]<a class=\"special-offer\" href=\"#\/\">Spezielles Angebot<\/a>[\/vc_column_text]\t\t<div class=\"vc_custom_1767033345 ironthm-css-block\" data-css=\".vc_custom_1767033345 .Appointment-sec a.ironthm-rndm2796  { color: #ffffff} .Appointment-sec a.ironthm-rndm2796  { background: rgba(255,255,255,0.01); border: 1px solid rgba(255,255,255,0.01); } .ironthm-call-to-action .ironthm-button.ironthm-rndm2796:hover  { color: #000000; border: 1px solid #000000; } .ironthm-call-to-action .ironthm-button.ironthm-rndm2796:hover{ background: #ffffff} .Appointment-sec a.ironthm-rndm2796  {  border: 1px solid #ffffff; }\">\n\t\t\t<div class=\"ironthm-call-to-action text-left\">\n\t\t\t\t\t\t\t\t\t<div class=\"ironthm-call-to-action-content mrgn-btm-sm\">\n\t\t\t\t\t\t<h2>10% Rabatt f\u00fcr den Einsatz von Implantaten<\/h2>\n<p class=\"pad-tb-xs\">Wir bieten Ihnen die M\u00f6glichkeit, sich Implantate bekannter internationaler Marken zum g\u00fcnstigsten Marktpeis einsetzen zu lassen! Vereinbaren Sie heute noch einen Termin, um Ihre Z\u00e4hne untersuchen zu lassen und genie\u00dfen Sie 10% Rabatt f\u00fcr den Einsatz von Implantaten.<\/p>\n\t\t\t\t\t<\/div><!-- ironthm-call-to-action-content -->\n\t\t\t\t\t\t\t\t<div class=\"Appointment-sec\">\n\t\t\t\t\t<a class=\"ironthm-button ironthm-rndm2796\" href=\"\/de\/kontakt\">Vereinbaren Sie einen Termin<\/a>\n\t\t\t\t<\/div>\n\t\t\t<\/div>\n\t\t<\/div>\n[\/vc_column][vc_column offset=&#8220;vc_col-lg-6 vc_col-md-6 vc_col-xs-12&#8243;][\/vc_column][\/vc_row]<\/p>\n<\/div>","protected":false},"excerpt":{"rendered":"<p>[vc_row full_width=&#8220;stretch_row&#8220; css=&#8220;.vc_custom_1506662635792{margin-top: 40px !important;padding-top: 100px !important;padding-bottom: 80px !important;background-image: url(http:\/\/smilecare.theironnetwork.org\/wp-content\/uploads\/2017\/06\/call-to-action-bg1.jpg?id=1369) !important;background-position: center !important;background-repeat: no-repeat !important;background-size: cover !important;}&#8220;][vc_column css=&#8220;.vc_custom_1499681513867{padding-top: 0px !important;}&#8220; el_class=&#8220;ironthm-light-txt&#8220; offset=&#8220;vc_col-lg-6 vc_col-md-6 vc_col-xs-12&#8243;][vc_column_text css=&#8220;.vc_custom_1515774484571{margin-bottom: 15px !important;}&#8220;]Spezielles Angebot[\/vc_column_text][\/vc_column][vc_column offset=&#8220;vc_col-lg-6 vc_col-md-6 vc_col-xs-12&#8243;][\/vc_column][\/vc_row]<\/p>\n","protected":false},"author":1,"featured_media":0,"parent":0,"menu_order":0,"comment_status":"closed","ping_status":"closed","template":"page-template\/service-grid.php","meta":{"footnotes":""},"class_list":["post-2859","page","type-page","status-publish","hentry"],"_links":{"self":[{"href":"https:\/\/dentalstudiodro.rs\/de\/wp-json\/wp\/v2\/pages\/2859","targetHints":{"allow":["GET"]}}],"collection":[{"href":"https:\/\/dentalstudiodro.rs\/de\/wp-json\/wp\/v2\/pages"}],"about":[{"href":"https:\/\/dentalstudiodro.rs\/de\/wp-json\/wp\/v2\/types\/page"}],"author":[{"embeddable":true,"href":"https:\/\/dentalstudiodro.rs\/de\/wp-json\/wp\/v2\/users\/1"}],"replies":[{"embeddable":true,"href":"https:\/\/dentalstudiodro.rs\/de\/wp-json\/wp\/v2\/comments?post=2859"}],"version-history":[{"count":3,"href":"https:\/\/dentalstudiodro.rs\/de\/wp-json\/wp\/v2\/pages\/2859\/revisions"}],"predecessor-version":[{"id":3187,"href":"https:\/\/dentalstudiodro.rs\/de\/wp-json\/wp\/v2\/pages\/2859\/revisions\/3187"}],"wp:attachment":[{"href":"https:\/\/dentalstudiodro.rs\/de\/wp-json\/wp\/v2\/media?parent=2859"}],"curies":[{"name":"wp","href":"https:\/\/api.w.org\/{rel}","templated":true}]}}